{"id":21,"date":"2013-03-19T22:03:01","date_gmt":"2013-03-19T21:03:01","guid":{"rendered":"http:\/\/parafiawitkowice.krakow.pl\/?page_id=21"},"modified":"2023-12-31T13:39:43","modified_gmt":"2023-12-31T12:39:43","slug":"kontakt","status":"publish","type":"page","link":"http:\/\/parafiawitkowice.krakow.pl\/?page_id=21","title":{"rendered":"Kontakt"},"content":{"rendered":"<h1>Kontakt<\/h1>\n<p>Parafia Rzymskokatolicka \u015bw. Marii Magdaleny<br \/>\nul. Do\u017cynkowa 35<br \/>\n31-234 Krak\u00f3w-Witkowice<\/p>\n<p><iframe loading=\"lazy\" style=\"border: 0;\" src=\"https:\/\/www.google.com\/maps\/embed?pb=!1m18!1m12!1m3!1d2559.1121492055404!2d19.940547615450466!3d50.1029077794289!2m3!1f0!2f0!3f0!3m2!1i1024!2i768!4f13.1!3m3!1m2!1s0x47165a66a36a320f%3A0xc75db60f56a9ba5f!2zS2_Fm2Npw7PFgiBNYXJpaSBNYWdkYWxlbnk!5e0!3m2!1spl!2spl!4v1465675996602\" width=\"600\" height=\"450\" frameborder=\"0\" allowfullscreen=\"allowfullscreen\"><\/iframe><\/p>\n<p>Bank PKO SA III Oddz. Krak\u00f3w<br \/>\n82 1240 2294 1111 0000 3711 9221<br \/>\nNa cele kultu religijnego<\/p>\n<p>tel. 12 415 64 62, tel. XPROB 608 036 857<\/p>\n<p>adres e-mail: <a href=\"mailto:par.krakow.witkowice@onet.eu\" target=\"_blank\" rel=\"noopener\">par.krakow.witkowice@onet.eu<\/a><\/p>\n<p>Proboszcz: ks. mgr Mieczys\u0142aw Dzia\u0142ek<\/p>\n<p><strong>Sprawy kancelaryjne:<br \/>\n\u2013 po ka\u017cdej Mszy \u015bw. w tygodniu w kancelarii parafialnej.<\/strong><\/p>\n<p><a href=\"https:\/\/www.facebook.com\/parafiawitkowicekrakow\">\u00a0<img loading=\"lazy\" decoding=\"async\" class=\"align left wp-image-1433 alignleft\" src=\"http:\/\/parafiawitkowice.krakow.pl\/wp-content\/uploads\/2016\/07\/asset.f.logo_.lg_.png\" alt=\"asset.f.logo.lg\" width=\"40\" height=\"40\" \/> Parafia \u015aw Marii Magdaleny w Witkowicach na Facebooku.<\/a><\/p>\n","protected":false},"excerpt":{"rendered":"<p>Kontakt Parafia Rzymskokatolicka \u015bw. Marii Magdaleny ul. Do\u017cynkowa 35 31-234 Krak\u00f3w-Witkowice Bank PKO SA III Oddz. Krak\u00f3w 82 1240 2294 1111 0000 3711 9221 Na cele kultu religijnego tel. 12 415 64 62, tel. XPROB 608 036 857 adres e-mail: &hellip; <a href=\"http:\/\/parafiawitkowice.krakow.pl\/?page_id=21\">Czytaj dalej <span class=\"meta-nav\">&rarr;<\/span><\/a><\/p>\n","protected":false},"author":1,"featured_media":0,"parent":0,"menu_order":0,"comment_status":"closed","ping_status":"closed","template":"","meta":{"footnotes":""},"class_list":["post-21","page","type-page","status-publish","hentry"],"_links":{"self":[{"href":"http:\/\/parafiawitkowice.krakow.pl\/index.php?rest_route=\/wp\/v2\/pages\/21","targetHints":{"allow":["GET"]}}],"collection":[{"href":"http:\/\/parafiawitkowice.krakow.pl\/index.php?rest_route=\/wp\/v2\/pages"}],"about":[{"href":"http:\/\/parafiawitkowice.krakow.pl\/index.php?rest_route=\/wp\/v2\/types\/page"}],"author":[{"embeddable":true,"href":"http:\/\/parafiawitkowice.krakow.pl\/index.php?rest_route=\/wp\/v2\/users\/1"}],"replies":[{"embeddable":true,"href":"http:\/\/parafiawitkowice.krakow.pl\/index.php?rest_route=%2Fwp%2Fv2%2Fcomments&post=21"}],"version-history":[{"count":20,"href":"http:\/\/parafiawitkowice.krakow.pl\/index.php?rest_route=\/wp\/v2\/pages\/21\/revisions"}],"predecessor-version":[{"id":3549,"href":"http:\/\/parafiawitkowice.krakow.pl\/index.php?rest_route=\/wp\/v2\/pages\/21\/revisions\/3549"}],"wp:attachment":[{"href":"http:\/\/parafiawitkowice.krakow.pl\/index.php?rest_route=%2Fwp%2Fv2%2Fmedia&parent=21"}],"curies":[{"name":"wp","href":"https:\/\/api.w.org\/{rel}","templated":true}]}}